{"id":583,"date":"2022-05-04T21:55:51","date_gmt":"2022-05-04T19:55:51","guid":{"rendered":"https:\/\/studiodermostylist.fr\/?page_id=583"},"modified":"2025-02-18T17:50:52","modified_gmt":"2025-02-18T16:50:52","slug":"detatouage","status":"publish","type":"page","link":"https:\/\/studiodermostylist.fr\/?page_id=583","title":{"rendered":"Tatouage Artistique"},"content":{"rendered":"<style>\/*! elementor - v3.6.5 - 27-04-2022 *\/<br \/>\n.elementor-testimonial-wrapper{overflow:hidden;text-align:center}.elementor-testimonial-wrapper .elementor-testimonial-content{font-size:1.3em;margin-bottom:20px}.elementor-testimonial-wrapper .elementor-testimonial-name{line-height:1.5;display:block}.elementor-testimonial-wrapper .elementor-testimonial-job{font-size:.85em;display:block}.elementor-testimonial-wrapper .elementor-testimonial-meta{width:100%;line-height:1}.elementor-testimonial-wrapper .elementor-testimonial-meta-inner{display:inline-block}.elementor-testimonial-wrapper .elementor-testimonial-meta .elementor-testimonial-details,.elementor-testimonial-wrapper .elementor-testimonial-meta .elementor-testimonial-image{display:table-cell;vertical-align:middle}.elementor-testimonial-wrapper .elementor-testimonial-meta .elementor-testimonial-image img{width:60px;height:60px;border-radius:50%;-o-object-fit:cover;object-fit:cover;max-width:none}.elementor-testimonial-wrapper .elementor-testimonial-meta.elementor-testimonial-image-position-aside .elementor-testimonial-image{padding-right:15px}.elementor-testimonial-wrapper .elementor-testimonial-meta.elementor-testimonial-image-position-aside .elementor-testimonial-details{text-align:left}.elementor-testimonial-wrapper .elementor-testimonial-meta.elementor-testimonial-image-position-top .elementor-testimonial-details,.elementor-testimonial-wrapper .elementor-testimonial-meta.elementor-testimonial-image-position-top .elementor-testimonial-image{display:block}.elementor-testimonial-wrapper .elementor-testimonial-meta.elementor-testimonial-image-position-top .elementor-testimonial-image{margin-bottom:20px}<\/style>\n<p><b>TATOUAGE ARTISTIQUE <\/b>(Sur devis) :<\/p>\n<p><strong>Tatouage Minimaliste :<\/strong><br \/>\nDes lignes \u00e9pur\u00e9es, des formes d\u00e9licates, pour un tatouage discret et plein de sens.<br \/>\nSublimez votre peau avec des motifs qui seront de v\u00e9ritables ornements \u00e9ternels.<\/p>\n<p><img loading=\"lazy\" decoding=\"async\" class=\"alignnone  wp-image-1812\" src=\"https:\/\/studiodermostylist.fr\/wp-content\/uploads\/2025\/02\/tatouage-papillon-300x173.jpg\" alt=\"\" width=\"485\" height=\"280\" srcset=\"https:\/\/studiodermostylist.fr\/wp-content\/uploads\/2025\/02\/tatouage-papillon-300x173.jpg 300w, https:\/\/studiodermostylist.fr\/wp-content\/uploads\/2025\/02\/tatouage-papillon-768x443.jpg 768w, https:\/\/studiodermostylist.fr\/wp-content\/uploads\/2025\/02\/tatouage-papillon-104x60.jpg 104w, https:\/\/studiodermostylist.fr\/wp-content\/uploads\/2025\/02\/tatouage-papillon.jpg 984w\" sizes=\"auto, (max-width: 485px) 100vw, 485px\" \/><\/p>\n<p><strong>Tatouage sur Cicatrice <\/strong>:<br \/>\nTransformez une marque de vie en une \u0153uvre d\u2019art, en douceur et avec bienveillance.<\/p>\n<style>\/*! elementor - v3.6.5 - 27-04-2022 *\/<br \/>\n.elementor-widget-image{text-align:center}.elementor-widget-image a{display:inline-block}.elementor-widget-image a img[src$=\".svg\"]{width:48px}.elementor-widget-image img{vertical-align:middle;display:inline-block}<\/style>\n<p><img loading=\"lazy\" decoding=\"async\" class=\"alignnone  wp-image-1807\" src=\"https:\/\/studiodermostylist.fr\/wp-content\/uploads\/2025\/02\/tatouage3-300x111.jpg\" alt=\"\" width=\"483\" height=\"179\" srcset=\"https:\/\/studiodermostylist.fr\/wp-content\/uploads\/2025\/02\/tatouage3-300x111.jpg 300w, https:\/\/studiodermostylist.fr\/wp-content\/uploads\/2025\/02\/tatouage3-162x60.jpg 162w, https:\/\/studiodermostylist.fr\/wp-content\/uploads\/2025\/02\/tatouage3.jpg 768w\" sizes=\"auto, (max-width: 483px) 100vw, 483px\" \/><\/p>\n<p>&nbsp;<\/p>\n<p><strong>Chaque tatouage est pens\u00e9 et r\u00e9alis\u00e9 avec passion, en respectant votre peau et votre histoire. <\/strong><br \/>\n<strong>Pr\u00eat(e) \u00e0 sauter le pas ?<\/strong><\/p>\n<p>Contactez-moi pour en discuter et cr\u00e9er ensemble votre futur tatouage unique !.<br \/>\n<a role=\"button\" href=\"https:\/\/studiodermostylist.fr\/\"><br \/>\nACCUEIL<br \/>\n<\/a><\/p>\n","protected":false},"excerpt":{"rendered":"<p>TATOUAGE ARTISTIQUE (Sur devis) : Tatouage Minimaliste : Des lignes \u00e9pur\u00e9es, des formes d\u00e9licates, pour un tatouage discret et plein de sens. Sublimez votre peau avec des motifs qui seront de v\u00e9ritables ornements \u00e9ternels. Tatouage sur Cicatrice : Transformez une marque de vie en une \u0153uvre d\u2019art, en douceur et avec bienveillance. &nbsp; Chaque tatouage &hellip; <\/p>\n","protected":false},"author":1,"featured_media":0,"parent":0,"menu_order":0,"comment_status":"closed","ping_status":"closed","template":"","meta":{"footnotes":""},"class_list":["post-583","page","type-page","status-publish","hentry"],"_links":{"self":[{"href":"https:\/\/studiodermostylist.fr\/index.php?rest_route=\/wp\/v2\/pages\/583","targetHints":{"allow":["GET"]}}],"collection":[{"href":"https:\/\/studiodermostylist.fr\/index.php?rest_route=\/wp\/v2\/pages"}],"about":[{"href":"https:\/\/studiodermostylist.fr\/index.php?rest_route=\/wp\/v2\/types\/page"}],"author":[{"embeddable":true,"href":"https:\/\/studiodermostylist.fr\/index.php?rest_route=\/wp\/v2\/users\/1"}],"replies":[{"embeddable":true,"href":"https:\/\/studiodermostylist.fr\/index.php?rest_route=%2Fwp%2Fv2%2Fcomments&post=583"}],"version-history":[{"count":43,"href":"https:\/\/studiodermostylist.fr\/index.php?rest_route=\/wp\/v2\/pages\/583\/revisions"}],"predecessor-version":[{"id":1824,"href":"https:\/\/studiodermostylist.fr\/index.php?rest_route=\/wp\/v2\/pages\/583\/revisions\/1824"}],"wp:attachment":[{"href":"https:\/\/studiodermostylist.fr\/index.php?rest_route=%2Fwp%2Fv2%2Fmedia&parent=583"}],"curies":[{"name":"wp","href":"https:\/\/api.w.org\/{rel}","templated":true}]}}