{"id":1168,"date":"2022-05-08T15:51:49","date_gmt":"2022-05-08T13:51:49","guid":{"rendered":"https:\/\/studiodermostylist.fr\/?page_id=1168"},"modified":"2022-05-10T17:59:28","modified_gmt":"2022-05-10T15:59:28","slug":"simulation-premier-maquillage","status":"publish","type":"page","link":"https:\/\/studiodermostylist.fr\/?page_id=1168","title":{"rendered":"Simulation Premier Maquillage"},"content":{"rendered":"\t\t<div data-elementor-type=\"wp-page\" data-elementor-id=\"1168\" class=\"elementor elementor-1168\">\n\t\t\t\t\t\t\t\t\t<section class=\"elementor-section elementor-top-section elementor-element elementor-element-78cba4a5 elementor-section-height-min-height elementor-section-items-bottom elementor-section-stretched elementor-section-boxed elementor-section-height-default\" data-id=\"78cba4a5\" data-element_type=\"section\" data-settings=\"{&quot;stretch_section&quot;:&quot;section-stretched&quot;,&quot;background_background&quot;:&quot;classic&quot;}\">\n\t\t\t\t\t\t<div class=\"elementor-container elementor-column-gap-no\">\n\t\t\t\t\t<div class=\"elementor-column elementor-col-50 elementor-top-column elementor-element elementor-element-56cb1406\" data-id=\"56cb1406\" data-element_type=\"column\">\n\t\t\t<div class=\"elementor-widget-wrap elementor-element-populated\">\n\t\t\t\t\t\t\t\t<div class=\"elementor-element elementor-element-e788f8d elementor-widget elementor-widget-testimonial\" data-id=\"e788f8d\" data-element_type=\"widget\" data-settings=\"{&quot;_animation&quot;:&quot;none&quot;}\" data-widget_type=\"testimonial.default\">\n\t\t\t\t<div class=\"elementor-widget-container\">\n\t\t\t<style>\/*! elementor - v3.6.5 - 27-04-2022 *\/\n.elementor-testimonial-wrapper{overflow:hidden;text-align:center}.elementor-testimonial-wrapper .elementor-testimonial-content{font-size:1.3em;margin-bottom:20px}.elementor-testimonial-wrapper .elementor-testimonial-name{line-height:1.5;display:block}.elementor-testimonial-wrapper .elementor-testimonial-job{font-size:.85em;display:block}.elementor-testimonial-wrapper .elementor-testimonial-meta{width:100%;line-height:1}.elementor-testimonial-wrapper .elementor-testimonial-meta-inner{display:inline-block}.elementor-testimonial-wrapper .elementor-testimonial-meta .elementor-testimonial-details,.elementor-testimonial-wrapper .elementor-testimonial-meta .elementor-testimonial-image{display:table-cell;vertical-align:middle}.elementor-testimonial-wrapper .elementor-testimonial-meta .elementor-testimonial-image img{width:60px;height:60px;border-radius:50%;-o-object-fit:cover;object-fit:cover;max-width:none}.elementor-testimonial-wrapper .elementor-testimonial-meta.elementor-testimonial-image-position-aside .elementor-testimonial-image{padding-right:15px}.elementor-testimonial-wrapper .elementor-testimonial-meta.elementor-testimonial-image-position-aside .elementor-testimonial-details{text-align:left}.elementor-testimonial-wrapper .elementor-testimonial-meta.elementor-testimonial-image-position-top .elementor-testimonial-details,.elementor-testimonial-wrapper .elementor-testimonial-meta.elementor-testimonial-image-position-top .elementor-testimonial-image{display:block}.elementor-testimonial-wrapper .elementor-testimonial-meta.elementor-testimonial-image-position-top .elementor-testimonial-image{margin-bottom:20px}<\/style>\t\t<div class=\"elementor-testimonial-wrapper\">\n\t\t\t\t\t\t\t<div class=\"elementor-testimonial-content\"><b>Pour mieux d\u00e9cider,<\/b><br><br>\nParce que le maquillage permanent a pour ambition de <b>renforcer votre assurance<\/b>, offrez-vous la possibilit\u00e9 de simuler <b>l\u2019effet d\u00e9sir\u00e9. <\/b><br><br>\nAvant de proc\u00e9der \u00e0 la cr\u00e9ation souhait\u00e9e, le r\u00e9sultat final (forme et couleur) est <b>toujours simul\u00e9<\/b> sur la zone concern\u00e9e, pour vous permettre de le visualiser et d\u2019en discuter.\n<br><br>\nStudio Dermo-Stylist vous permets de <b>visualiser<\/b> votre maquillage permanent afin de prendre RV pour celui qui vous correspond parfaitement.\n<br><br>\nPour toute r\u00e9alisation d\u2019un maquillage permanent dans le mois suivant le rendez-vous, le prix de la simulation sera d\u00e9duit de la cr\u00e9ation.<br><br>\n<b>80 \u20ac <\/b>(d\u00e9duit en cas de prise de rdv imm\u00e9diat)\n<\/div>\n\t\t\t\n\t\t\t\t\t<\/div>\n\t\t\t\t<\/div>\n\t\t\t\t<\/div>\n\t\t\t\t\t<\/div>\n\t\t<\/div>\n\t\t\t\t<div class=\"elementor-column elementor-col-50 elementor-top-column elementor-element elementor-element-25364d5\" data-id=\"25364d5\" data-element_type=\"column\">\n\t\t\t<div class=\"elementor-widget-wrap elementor-element-populated\">\n\t\t\t\t\t\t\t\t<div class=\"elementor-element elementor-element-6c489aa5 elementor-widget elementor-widget-image\" data-id=\"6c489aa5\" data-element_type=\"widget\" data-widget_type=\"image.default\">\n\t\t\t\t<div class=\"elementor-widget-container\">\n\t\t\t<style>\/*! elementor - v3.6.5 - 27-04-2022 *\/\n.elementor-widget-image{text-align:center}.elementor-widget-image a{display:inline-block}.elementor-widget-image a img[src$=\".svg\"]{width:48px}.elementor-widget-image img{vertical-align:middle;display:inline-block}<\/style>\t\t\t\t\t\t\t\t\t\t\t\t<img loading=\"lazy\" decoding=\"async\" width=\"2132\" height=\"1342\" src=\"https:\/\/studiodermostylist.fr\/wp-content\/uploads\/2022\/05\/AdobeStock_323509991-e1652023654466.jpeg\" class=\"attachment-full size-full\" alt=\"SIMULATION PREMIER MAQUILLAGE\" srcset=\"https:\/\/studiodermostylist.fr\/wp-content\/uploads\/2022\/05\/AdobeStock_323509991-e1652023654466.jpeg 2132w, https:\/\/studiodermostylist.fr\/wp-content\/uploads\/2022\/05\/AdobeStock_323509991-e1652023654466-300x189.jpeg 300w, https:\/\/studiodermostylist.fr\/wp-content\/uploads\/2022\/05\/AdobeStock_323509991-e1652023654466-1024x645.jpeg 1024w, https:\/\/studiodermostylist.fr\/wp-content\/uploads\/2022\/05\/AdobeStock_323509991-e1652023654466-768x483.jpeg 768w, https:\/\/studiodermostylist.fr\/wp-content\/uploads\/2022\/05\/AdobeStock_323509991-e1652023654466-1536x967.jpeg 1536w, https:\/\/studiodermostylist.fr\/wp-content\/uploads\/2022\/05\/AdobeStock_323509991-e1652023654466-2048x1289.jpeg 2048w, https:\/\/studiodermostylist.fr\/wp-content\/uploads\/2022\/05\/AdobeStock_323509991-e1652023654466-320x200.jpeg 320w, https:\/\/studiodermostylist.fr\/wp-content\/uploads\/2022\/05\/AdobeStock_323509991-e1652023654466-95x60.jpeg 95w\" sizes=\"auto, (max-width: 2132px) 100vw, 2132px\" \/>\t\t\t\t\t\t\t\t\t\t\t\t\t\t\t<\/div>\n\t\t\t\t<\/div>\n\t\t\t\t\t<\/div>\n\t\t<\/div>\n\t\t\t\t\t\t\t<\/div>\n\t\t<\/section>\n\t\t\t\t<section class=\"elementor-section elementor-top-section elementor-element elementor-element-7428f2d elementor-section-height-min-height elementor-section-items-bottom elementor-section-stretched elementor-section-boxed elementor-section-height-default\" data-id=\"7428f2d\" data-element_type=\"section\" data-settings=\"{&quot;stretch_section&quot;:&quot;section-stretched&quot;,&quot;background_background&quot;:&quot;classic&quot;}\">\n\t\t\t\t\t\t<div class=\"elementor-container elementor-column-gap-no\">\n\t\t\t\t\t<div class=\"elementor-column elementor-col-100 elementor-top-column elementor-element elementor-element-2c0126f7\" data-id=\"2c0126f7\" data-element_type=\"column\">\n\t\t\t<div class=\"elementor-widget-wrap elementor-element-populated\">\n\t\t\t\t\t\t\t\t<div class=\"elementor-element elementor-element-5b68030a elementor-widget elementor-widget-testimonial\" data-id=\"5b68030a\" data-element_type=\"widget\" data-settings=\"{&quot;_animation&quot;:&quot;none&quot;}\" data-widget_type=\"testimonial.default\">\n\t\t\t\t<div class=\"elementor-widget-container\">\n\t\t\t\t\t<div class=\"elementor-testimonial-wrapper\">\n\t\t\t\t\t\t\t<div class=\"elementor-testimonial-content\">Un acompte de 20 % vous sera demand\u00e9 lors de la r\u00e9servation.  (paypal)<\/div>\n\t\t\t\n\t\t\t\t\t<\/div>\n\t\t\t\t<\/div>\n\t\t\t\t<\/div>\n\t\t\t\t\t<\/div>\n\t\t<\/div>\n\t\t\t\t\t\t\t<\/div>\n\t\t<\/section>\n\t\t\t\t<section class=\"elementor-section elementor-top-section elementor-element elementor-element-88913cf elementor-section-boxed elementor-section-height-default elementor-section-height-default\" data-id=\"88913cf\" data-element_type=\"section\">\n\t\t\t\t\t\t<div class=\"elementor-container elementor-column-gap-default\">\n\t\t\t\t\t<div class=\"elementor-column elementor-col-100 elementor-top-column elementor-element elementor-element-3d58e206\" data-id=\"3d58e206\" data-element_type=\"column\">\n\t\t\t<div class=\"elementor-widget-wrap elementor-element-populated\">\n\t\t\t\t\t\t\t\t<div class=\"elementor-element elementor-element-6150dbeb elementor-align-center elementor-widget elementor-widget-button\" data-id=\"6150dbeb\" data-element_type=\"widget\" data-widget_type=\"button.default\">\n\t\t\t\t<div class=\"elementor-widget-container\">\n\t\t\t\t\t<div class=\"elementor-button-wrapper\">\n\t\t\t<a href=\"https:\/\/studiodermostylist.fr\/?page_id=18\" class=\"elementor-button-link elementor-button elementor-size-sm\" role=\"button\">\n\t\t\t\t\t\t<span class=\"elementor-button-content-wrapper\">\n\t\t\t\t\t\t<span class=\"elementor-button-text\">MAQUILLAGE PERMANENT<\/span>\n\t\t<\/span>\n\t\t\t\t\t<\/a>\n\t\t<\/div>\n\t\t\t\t<\/div>\n\t\t\t\t<\/div>\n\t\t\t\t\t<\/div>\n\t\t<\/div>\n\t\t\t\t\t\t\t<\/div>\n\t\t<\/section>\n\t\t\t\t\t\t\t<\/div>\n\t\t","protected":false},"excerpt":{"rendered":"<p>Pour mieux d\u00e9cider, Parce que le maquillage permanent a pour ambition de renforcer votre assurance, offrez-vous la possibilit\u00e9 de simuler l\u2019effet d\u00e9sir\u00e9. Avant de proc\u00e9der \u00e0 la cr\u00e9ation souhait\u00e9e, le r\u00e9sultat final (forme et couleur) est toujours simul\u00e9 sur la zone concern\u00e9e, pour vous permettre de le visualiser et d\u2019en discuter. Studio Dermo-Stylist vous permets &hellip; <\/p>\n","protected":false},"author":1,"featured_media":0,"parent":0,"menu_order":0,"comment_status":"closed","ping_status":"closed","template":"","meta":{"footnotes":""},"class_list":["post-1168","page","type-page","status-publish","hentry"],"_links":{"self":[{"href":"https:\/\/studiodermostylist.fr\/index.php?rest_route=\/wp\/v2\/pages\/1168","targetHints":{"allow":["GET"]}}],"collection":[{"href":"https:\/\/studiodermostylist.fr\/index.php?rest_route=\/wp\/v2\/pages"}],"about":[{"href":"https:\/\/studiodermostylist.fr\/index.php?rest_route=\/wp\/v2\/types\/page"}],"author":[{"embeddable":true,"href":"https:\/\/studiodermostylist.fr\/index.php?rest_route=\/wp\/v2\/users\/1"}],"replies":[{"embeddable":true,"href":"https:\/\/studiodermostylist.fr\/index.php?rest_route=%2Fwp%2Fv2%2Fcomments&post=1168"}],"version-history":[{"count":35,"href":"https:\/\/studiodermostylist.fr\/index.php?rest_route=\/wp\/v2\/pages\/1168\/revisions"}],"predecessor-version":[{"id":1511,"href":"https:\/\/studiodermostylist.fr\/index.php?rest_route=\/wp\/v2\/pages\/1168\/revisions\/1511"}],"wp:attachment":[{"href":"https:\/\/studiodermostylist.fr\/index.php?rest_route=%2Fwp%2Fv2%2Fmedia&parent=1168"}],"curies":[{"name":"wp","href":"https:\/\/api.w.org\/{rel}","templated":true}]}}